{"id":1405,"date":"2016-05-16T12:05:28","date_gmt":"2016-05-16T10:05:28","guid":{"rendered":"http:\/\/www.noscours.be\/www.bibliorum.net\/?page_id=1405"},"modified":"2016-05-16T12:09:29","modified_gmt":"2016-05-16T10:09:29","slug":"credo","status":"publish","type":"page","link":"http:\/\/www.noscours.be\/www.bibliorum.net\/credo\/","title":{"rendered":"Credo"},"content":{"rendered":"<h2><strong>Dieu<\/strong><\/h2>\n<div align=\"justify\">\n<ul>\n<li><em>Je crois en un seul Dieu personnel, Cr\u00e9ateur des cieux et de la terre, Esprit, Lumi\u00e8re, Amour, V\u00e9rit\u00e9, Eternel, Tout-Puissant, Infaillible, Immuable, Infiniment Sage, Juste et Saint. Ce Dieu unique, existant \u00e9ternellement en trois Personnes de m\u00eame nature se r\u00e9v\u00e8le dans la Bible comme P\u00e8re, Fils et Saint-Esprit.<\/em><\/li>\n<\/ul>\n<p>(Isa\u00efe 45.5\u00a0; Gen\u00e8se\u00a01.1\u00a0; Jean\u00a04.24\u00a0; 1\u00a0Jean\u00a04.8\u00a0; J\u00e9r\u00e9mie\u00a0 10.10\u00a0; Psaume\u00a090.2\u00a0; Romains\u00a011.33\u00a0; Jacques\u00a01.17\u00a0; Deut\u00e9ronome\u00a032.4\u00a0; Matthieu\u00a028.19\u00a0; Gen\u00e8se\u00a017.1\u00a0; Psaume\u00a0147.5).<\/p>\n<\/div>\n<h2><strong>J\u00e9sus-Christ<\/strong><\/h2>\n<div align=\"justify\">\n<ul>\n<li><em>Je crois en J\u00e9sus-Christ, Fils unique de Dieu, la Parole \u00e9ternelle manifest\u00e9e en chair. Je crois qu&rsquo;Il a \u00e9t\u00e9 con\u00e7u du Saint-Esprit et qu&rsquo;Il est n\u00e9 de la vierge Marie. Je crois \u00e0 sa mort expiatoire, substitutive et r\u00e9demptrice, \u00e0 sa r\u00e9surrection corporelle, \u00e0 son ascension, \u00e0 son retour en personne pour les siens et \u00e0 sa venue en gloire pour \u00e9tablir son r\u00e8gne et juger les rebelles.<\/em><\/li>\n<\/ul>\n<\/div>\n<div align=\"left\">(Jean\u00a03.16\u00a0; Jean\u00a01.1-5\u00a0; Luc\u00a01.26-38\u00a0; Matthieu\u00a01.18-25\u00a0; H\u00e9breux\u00a09.28\u00a0; Romains\u00a05.6 -10\u00a0; Luc\u00a024.39\u00a0; Actes\u00a01.9-11).<\/div>\n<h2 align=\"justify\"><strong>L&rsquo;Esprit Saint<\/strong><\/h2>\n<ul>\n<li>Je crois en l&rsquo;Esprit Saint, \u00e0 sa personnalit\u00e9 et \u00e0 son \u0153uvre de r\u00e9g\u00e9n\u00e9ration et de sanctification.<\/li>\n<\/ul>\n<div align=\"left\">(Actes\u00a013.2 -4 ; Jean\u00a03.5-8\u00a0; 1\u00a0Corinthiens\u00a06.11\u00a0; Romains\u00a08.2).<\/div>\n<h2 align=\"justify\"><strong>La Bible<\/strong><\/h2>\n<ul>\n<li><em>Je crois que toute la Bible (les 66 livres de l&rsquo;Ancien et du Nouveau Testament) a \u00e9t\u00e9 donn\u00e9e et inspir\u00e9e par Dieu et qu&rsquo;elle constitue ainsi la seule r\u00e9v\u00e9lation infaillible et l&rsquo;autorit\u00e9 supr\u00eame en mati\u00e8re de foi et de vie.<\/em><\/li>\n<\/ul>\n<div align=\"left\">(2\u00a0Timoth\u00e9e\u00a03.16\u00a0; 2 Pierre\u00a01.20 +21\u00a0; Luc\u00a024.44\u00a0; 1\u00a0Thessaloniciens\u00a02.13).<\/div>\n<h2><strong>L&rsquo;homme\u00a0<\/strong><\/h2>\n<ul>\n<li><em>Je crois que le premier homme, cr\u00e9\u00e9 pur et conforme \u00e0 l&rsquo;image de Dieu, a perdu, par sa propre faute, son \u00e9tat immacul\u00e9. Je crois qu&rsquo;en cons\u00e9quence tous ont p\u00e9ch\u00e9, sont coupables et perdus, absolument incapables de se sauver eux-m\u00eames par leurs \u0153uvres, \u00e9tant morts dans leurs fautes et leurs p\u00e9ch\u00e9s. Je crois que le p\u00e9ch\u00e9 entra\u00eene pour celui qui, de son vivant, ne se repent pas, un ch\u00e2timent \u00e9ternel dont il aura pleinement conscience.<\/em><\/li>\n<\/ul>\n<div align=\"left\">(Gen\u00e8se\u00a01.26 -27\u00a0; Gen\u00e8se\u00a03\u00a0; Romains\u00a05.12, 3.10-12\u00a0; \u00c9ph\u00e9siens\u00a02.1, 20 ; Matthieu\u00a025.46\u00a0; Apocalypse\u00a021.8\u00a0; Luc\u00a016.23 -26).<\/div>\n<div align=\"left\"><\/div>\n<div align=\"left\"><\/div>\n<div align=\"justify\">\n<h2><strong>Le salut<\/strong><\/h2>\n<ul>\n<li><em>Je crois que nous sommes sauv\u00e9s uniquement par gr\u00e2ce, au moyen de la foi au sacrifice sanglant du Fils de Dieu. Je crois que tout chr\u00e9tien n\u00e9 de nouveau est baptis\u00e9 dans le Saint-Esprit.<\/em><\/li>\n<\/ul>\n<\/div>\n<p>(\u00c9ph\u00e9siens\u00a02.8-9\u00a0; Romains\u00a03.23-26).<\/p>\n<div align=\"justify\">\n<h2><strong>Satan<\/strong><\/h2>\n<ul>\n<li><em>Je crois que Satan a une personnalit\u00e9. Il est un ange d\u00e9chu et l&rsquo;instigateur de la chute. Je crois \u00e0 son jugement et \u00e0 son ch\u00e2timent \u00e9ternel.<\/em><\/li>\n<\/ul>\n<\/div>\n<div align=\"left\">(Gen\u00e8se\u00a03.1-15\u00a0; Job\u00a01.6-7\u00a0; Apocalypse\u00a020.7-10).<\/div>\n<div align=\"left\"><\/div>\n<div align=\"left\"><\/div>\n<div align=\"justify\">\n<h2><strong>La r\u00e9surrection<\/strong><\/h2>\n<ul>\n<li><em>Je crois que les hommes ressusciteront corporellement, les uns pour la vie et les autres pour le jugement.<\/em><\/li>\n<\/ul>\n<\/div>\n<div align=\"left\">(1\u00a0Corinthiens\u00a015\u00a0; Jean\u00a05.28-29\u00a0; Apocalypse\u00a020.11-15).<\/div>\n<div align=\"left\"><\/div>\n<div align=\"left\"><\/div>\n<div align=\"justify\">\n<h2><strong>La C\u00e8ne et le Bapt\u00eame<\/strong><\/h2>\n<ul>\n<li><em>Je crois que J\u00e9sus-Christ a institu\u00e9 la C\u00e8ne pour comm\u00e9morer sa mort jusqu&rsquo;\u00e0 ce qu&rsquo;Il vienne et le Bapt\u00eame d&rsquo;eau, symbole de l&rsquo;union du croyant avec Christ dans sa mort et sa r\u00e9surrection.<\/em><\/li>\n<\/ul>\n<\/div>\n<div align=\"left\">(1\u00a0Corinthiens\u00a011:23 -26\u00a0; Matthieu\u00a028.19\u00a0; Romains\u00a06.3 -4).<\/div>\n<div align=\"left\"><\/div>\n<div align=\"left\"><\/div>\n<div align=\"justify\">\n<h2><strong>L\u2019\u00c9glise<br \/>\n<\/strong><\/h2>\n<ul>\n<li><em>Je crois que l&rsquo;\u00c9glise de J\u00e9sus-Christ est uniquement compos\u00e9e de ceux qui ont \u00e9t\u00e9 lav\u00e9s par son sang, r\u00e9g\u00e9n\u00e9r\u00e9s et scell\u00e9s par le Saint-Esprit. Je crois que, sauv\u00e9s pour servir, ils doivent veiller \u00e0 \u00eatre remplis du Saint-Esprit, rechercher une vie sainte et s&rsquo;\u00e9loigner de tout ce qui pourrait d\u00e9shonorer Dieu, jeter du discr\u00e9dit sur sa cause ou simplement affaiblir leur t\u00e9moignage.<\/em><\/li>\n<\/ul>\n<\/div>\n<div align=\"left\">(Actes\u00a02.37\u00a0; 1\u00a0Corinthiens\u00a012.13, 27\u00a0; \u00c9ph\u00e9siens\u00a01.3-14\u00a0; 2\u00a0Corinthiens\u00a06.18\u00a0; 7.1\u00a0; 1\u00a0Pierre\u00a01.14-16).<\/div>\n<div align=\"left\"><\/div>\n<div align=\"justify\">\n<h2><strong>En r\u00e9sum\u00e9<\/strong><\/h2>\n<ul>\n<li><em>En r\u00e9sum\u00e9, je crois \u00e0 tout ce que la Bible enseigne.<\/em><\/li>\n<\/ul>\n<\/div>\n<div align=\"left\">(Jean\u00a017.17\u00a0; Deut\u00e9ronome\u00a012.32\u00a0; Apocalypse\u00a022.18 -19).<\/div>\n<p>&nbsp;<\/p>\n<p style=\"text-align: center;\"><em>Au P\u00e8re qui nous a aim\u00e9s,<br \/>\n<\/em><em>Au Fils qui nous a rachet\u00e9s,<br \/>\n<\/em><em>Au Saint-Esprit qui nous a r\u00e9g\u00e9n\u00e9r\u00e9s,<br \/>\n<\/em><em>Soient l&rsquo;honneur, la louange et la gloire,<br \/>\n<\/em><em>Aux si\u00e8cles des si\u00e8cles.<br \/>\n<\/em><em>Amen.<\/em><\/p>\n<p><script>\/\/ <![CDATA[\nvar refTagger = { settings: { bibleVersion: \"LSG\" } }; (function(d, t) { var g = d.createElement(t), s = d.getElementsByTagName(t)[0]; g.src = \"\/\/api.reftagger.com\/v2\/RefTagger.fr.js\"; s.parentNode.insertBefore(g, s); }(document, \"script\"));\n\/\/ ]]><\/script><\/p>\n","protected":false},"excerpt":{"rendered":"<p>Dieu Je crois en un seul Dieu personnel, Cr\u00e9ateur des cieux et de la terre, Esprit, Lumi\u00e8re, Amour, V\u00e9rit\u00e9, Eternel, Tout-Puissant, Infaillible, Immuable, Infiniment Sage, Juste et Saint. Ce Dieu unique, existant \u00e9ternellement en trois Personnes de m\u00eame nature se r\u00e9v\u00e8le dans la Bible comme P\u00e8re, Fils et Saint-Esprit. (Isa\u00efe 45.5\u00a0; Gen\u00e8se\u00a01.1\u00a0; Jean\u00a04.24\u00a0; 1\u00a0Jean\u00a04.8\u00a0; J\u00e9r\u00e9mie\u00a0 &hellip; <a href=\"http:\/\/www.noscours.be\/www.bibliorum.net\/credo\/\" class=\"more-link\">Continuer la lecture de <span class=\"screen-reader-text\">Credo<\/span>  <span class=\"meta-nav\">&rarr;<\/span><\/a><\/p>\n","protected":false},"author":1,"featured_media":0,"parent":0,"menu_order":0,"comment_status":"closed","ping_status":"closed","template":"","meta":{"footnotes":""},"class_list":["post-1405","page","type-page","status-publish","hentry"],"_links":{"self":[{"href":"http:\/\/www.noscours.be\/www.bibliorum.net\/wp-json\/wp\/v2\/pages\/1405","targetHints":{"allow":["GET"]}}],"collection":[{"href":"http:\/\/www.noscours.be\/www.bibliorum.net\/wp-json\/wp\/v2\/pages"}],"about":[{"href":"http:\/\/www.noscours.be\/www.bibliorum.net\/wp-json\/wp\/v2\/types\/page"}],"author":[{"embeddable":true,"href":"http:\/\/www.noscours.be\/www.bibliorum.net\/wp-json\/wp\/v2\/users\/1"}],"replies":[{"embeddable":true,"href":"http:\/\/www.noscours.be\/www.bibliorum.net\/wp-json\/wp\/v2\/comments?post=1405"}],"version-history":[{"count":4,"href":"http:\/\/www.noscours.be\/www.bibliorum.net\/wp-json\/wp\/v2\/pages\/1405\/revisions"}],"predecessor-version":[{"id":1410,"href":"http:\/\/www.noscours.be\/www.bibliorum.net\/wp-json\/wp\/v2\/pages\/1405\/revisions\/1410"}],"wp:attachment":[{"href":"http:\/\/www.noscours.be\/www.bibliorum.net\/wp-json\/wp\/v2\/media?parent=1405"}],"curies":[{"name":"wp","href":"https:\/\/api.w.org\/{rel}","templated":true}]}}