{"id":1430,"date":"2016-05-16T20:09:39","date_gmt":"2016-05-16T18:09:39","guid":{"rendered":"http:\/\/www.noscours.be\/www.bibliorum.net\/?page_id=1430"},"modified":"2024-05-27T18:14:32","modified_gmt":"2024-05-27T16:14:32","slug":"liens","status":"publish","type":"page","link":"http:\/\/www.noscours.be\/www.bibliorum.net\/liens\/","title":{"rendered":"Liens"},"content":{"rendered":"<p><span style=\"font-size: 14pt;\"><strong><em><span style=\"color: #ff6600;\">Quelques autres lieux en ligne \u00e0 visiter&#8230;<\/span><\/em><\/strong><\/span><\/p>\n<table style=\"width: 516px;\">\n<tbody>\n<tr>\n<td style=\"text-align: center; vertical-align: middle; width: 144.6px;\"><a href=\"https:\/\/www.youtube.com\/channel\/UCzQM6NST9iWmsNnOuh7pn4Q\" target=\"_blank\" rel=\"noopener noreferrer\"><img loading=\"lazy\" decoding=\"async\" class=\"alignnone wp-image-1634 size-medium\" src=\"http:\/\/www.noscours.be\/www.bibliorum.net\/wp-content\/uploads\/2018\/10\/Youtube-Bibliorum.net_-300x146.png\" alt=\"\" width=\"300\" height=\"146\" srcset=\"http:\/\/www.noscours.be\/www.bibliorum.net\/wp-content\/uploads\/2018\/10\/Youtube-Bibliorum.net_-300x146.png 300w, http:\/\/www.noscours.be\/www.bibliorum.net\/wp-content\/uploads\/2018\/10\/Youtube-Bibliorum.net_-768x375.png 768w, http:\/\/www.noscours.be\/www.bibliorum.net\/wp-content\/uploads\/2018\/10\/Youtube-Bibliorum.net_-1024x499.png 1024w, http:\/\/www.noscours.be\/www.bibliorum.net\/wp-content\/uploads\/2018\/10\/Youtube-Bibliorum.net_.png 1595w\" sizes=\"auto, (max-width: 300px) 100vw, 300px\" \/><\/a><\/td>\n<td style=\"vertical-align: middle; width: 336.6px;\"><span style=\"color: #ff6600;\"><em>Ma page YouTube li\u00e9e \u00e0 ce blog&#8230;<\/em><\/span><\/p>\n<p style=\"text-align: center;\"><span style=\"font-size: 8pt;\"><a href=\"https:\/\/www.youtube.com\/@lachainedunpelerin\" target=\"_blank\" rel=\"noopener noreferrer\">https:\/\/www.youtube.com\/@lachainedunpelerin<\/a><\/span><\/p>\n<\/td>\n<\/tr>\n<tr>\n<td style=\"text-align: center; vertical-align: middle; width: 144.6px;\">\u00a0<a href=\"http:\/\/www.noscours.be\/www.bibliorum.net\/wp-content\/uploads\/2016\/05\/YoutubeTutos.jpg\"><img loading=\"lazy\" decoding=\"async\" class=\"alignnone size-full wp-image-1434\" src=\"http:\/\/www.noscours.be\/www.bibliorum.net\/wp-content\/uploads\/2016\/05\/YoutubeTutos.jpg\" alt=\"YoutubeTutos\" width=\"1261\" height=\"907\" srcset=\"http:\/\/www.noscours.be\/www.bibliorum.net\/wp-content\/uploads\/2016\/05\/YoutubeTutos.jpg 1261w, http:\/\/www.noscours.be\/www.bibliorum.net\/wp-content\/uploads\/2016\/05\/YoutubeTutos-300x216.jpg 300w, http:\/\/www.noscours.be\/www.bibliorum.net\/wp-content\/uploads\/2016\/05\/YoutubeTutos-768x552.jpg 768w, http:\/\/www.noscours.be\/www.bibliorum.net\/wp-content\/uploads\/2016\/05\/YoutubeTutos-1024x737.jpg 1024w\" sizes=\"auto, (max-width: 1261px) 100vw, 1261px\" \/><\/a><\/td>\n<td style=\"vertical-align: middle; width: 336.6px;\"><span style=\"color: #ff6600;\"><em>Ma page YouTube qui propose des tutos pour accompagner les chants de louanges \u00e0 la guitare&#8230;<\/em><\/span><\/p>\n<p style=\"text-align: center;\"><a href=\"https:\/\/www.youtube.com\/user\/TutosGuitareLouange\" target=\"_blank\" rel=\"noopener noreferrer\">https:\/\/www.youtube.com\/user\/TutosGuitareLouange<\/a><\/p>\n<p><span style=\"color: #ff6600;\"><em>Et le site qui reprend les partitions, outils, etc. d\u00e9crits dans ces tutos:<br \/>\n<\/em><\/span><a href=\"https:\/\/sites.google.com\/site\/tutosguitarelouange\/home\" target=\"_blank\" rel=\"noopener noreferrer\">https:\/\/sites.google.com\/site\/tutosguitarelouange\/home<\/a><\/td>\n<\/tr>\n<tr>\n<td style=\"text-align: center; vertical-align: middle; width: 144.6px;\"><a href=\"https:\/\/www.youtube.com\/user\/whyverynot\" target=\"_blank\" rel=\"noopener noreferrer\"><img loading=\"lazy\" decoding=\"async\" class=\"aligncenter wp-image-1439 size-full\" src=\"http:\/\/www.noscours.be\/www.bibliorum.net\/wp-content\/uploads\/2016\/05\/YoutubeClassic002.jpg\" alt=\"YoutubeClassic002\" width=\"1279\" height=\"856\" srcset=\"http:\/\/www.noscours.be\/www.bibliorum.net\/wp-content\/uploads\/2016\/05\/YoutubeClassic002.jpg 1279w, http:\/\/www.noscours.be\/www.bibliorum.net\/wp-content\/uploads\/2016\/05\/YoutubeClassic002-300x201.jpg 300w, http:\/\/www.noscours.be\/www.bibliorum.net\/wp-content\/uploads\/2016\/05\/YoutubeClassic002-768x514.jpg 768w, http:\/\/www.noscours.be\/www.bibliorum.net\/wp-content\/uploads\/2016\/05\/YoutubeClassic002-1024x685.jpg 1024w\" sizes=\"auto, (max-width: 1279px) 100vw, 1279px\" \/><\/a><\/td>\n<td style=\"vertical-align: middle; width: 336.6px; text-align: center;\"><span style=\"color: #ff6600;\"><em>Ma page YouTube o\u00f9 je propose quelques morceaux plus classiques&#8230;<br \/>\n<\/em><\/span><span style=\"color: #ff6600;\"><em><a href=\"https:\/\/www.youtube.com\/@HolyPath\">https:\/\/www.youtube.com\/@HolyPath<\/a><\/em><\/span><\/td>\n<\/tr>\n<tr>\n<td style=\"text-align: center; vertical-align: middle; width: 144.6px;\"><strong>Dans la marge de droite&#8230;<br \/>\nplus bas.<\/strong><\/td>\n<td style=\"vertical-align: middle; width: 336.6px;\">J&rsquo;ai plac\u00e9 quelques liens vers Spotify. D&rsquo;abord deux artistes Belges:<\/p>\n<ul>\n<li><span style=\"font-size: 12pt;\"><em><strong>Marc Salsac<\/strong><\/em><\/span>, un bassiste pro qui s&rsquo;amuse avec le jazz. Il est aussi et surtout un de mes rares amis. A \u00e9couter absolument.<\/li>\n<li><em><strong><span style=\"font-size: 12pt;\">Christian Neufn\u00e9<\/span><\/strong><\/em>, un amoureux des mots et de la musique. Moi, j&rsquo;adore! <span style=\"font-size: 8pt;\">(Vous retrouverez ailleurs sur ce blog un parcours de m\u00e9ditations du livre Jonas inspir\u00e9 de ses chansons&#8230;)<\/span><\/li>\n<li>&#8230; des plus connus aussi dans nos milieux protestants&#8230;<\/li>\n<\/ul>\n<\/td>\n<\/tr>\n<\/tbody>\n<\/table>\n","protected":false},"excerpt":{"rendered":"<p>Quelques autres lieux en ligne \u00e0 visiter&#8230; Ma page YouTube li\u00e9e \u00e0 ce blog&#8230; https:\/\/www.youtube.com\/@lachainedunpelerin \u00a0 Ma page YouTube qui propose des tutos pour accompagner les chants de louanges \u00e0 la guitare&#8230; https:\/\/www.youtube.com\/user\/TutosGuitareLouange Et le site qui reprend les partitions, outils, etc. d\u00e9crits dans ces tutos: https:\/\/sites.google.com\/site\/tutosguitarelouange\/home Ma page YouTube o\u00f9 je propose quelques morceaux &hellip; <a href=\"http:\/\/www.noscours.be\/www.bibliorum.net\/liens\/\" class=\"more-link\">Continuer la lecture de <span class=\"screen-reader-text\">Liens<\/span>  <span class=\"meta-nav\">&rarr;<\/span><\/a><\/p>\n","protected":false},"author":1,"featured_media":0,"parent":0,"menu_order":0,"comment_status":"closed","ping_status":"closed","template":"","meta":{"footnotes":""},"class_list":["post-1430","page","type-page","status-publish","hentry"],"_links":{"self":[{"href":"http:\/\/www.noscours.be\/www.bibliorum.net\/wp-json\/wp\/v2\/pages\/1430","targetHints":{"allow":["GET"]}}],"collection":[{"href":"http:\/\/www.noscours.be\/www.bibliorum.net\/wp-json\/wp\/v2\/pages"}],"about":[{"href":"http:\/\/www.noscours.be\/www.bibliorum.net\/wp-json\/wp\/v2\/types\/page"}],"author":[{"embeddable":true,"href":"http:\/\/www.noscours.be\/www.bibliorum.net\/wp-json\/wp\/v2\/users\/1"}],"replies":[{"embeddable":true,"href":"http:\/\/www.noscours.be\/www.bibliorum.net\/wp-json\/wp\/v2\/comments?post=1430"}],"version-history":[{"count":23,"href":"http:\/\/www.noscours.be\/www.bibliorum.net\/wp-json\/wp\/v2\/pages\/1430\/revisions"}],"predecessor-version":[{"id":1828,"href":"http:\/\/www.noscours.be\/www.bibliorum.net\/wp-json\/wp\/v2\/pages\/1430\/revisions\/1828"}],"wp:attachment":[{"href":"http:\/\/www.noscours.be\/www.bibliorum.net\/wp-json\/wp\/v2\/media?parent=1430"}],"curies":[{"name":"wp","href":"https:\/\/api.w.org\/{rel}","templated":true}]}}