{"id":406,"date":"2015-12-15T16:41:17","date_gmt":"2015-12-15T15:41:17","guid":{"rendered":"http:\/\/www.noscours.be\/www.bibliorum.net\/?page_id=406"},"modified":"2018-10-27T10:40:25","modified_gmt":"2018-10-27T08:40:25","slug":"livres-recommandes","status":"publish","type":"page","link":"http:\/\/www.noscours.be\/www.bibliorum.net\/livres-recommandes\/","title":{"rendered":"Livres recommand\u00e9s"},"content":{"rendered":"<p>Je vous partage quelques titres de livres et\/ou outils qui m&rsquo;ont touch\u00e9, \u00e9difi\u00e9&#8230;<br \/>\nD\u2019embl\u00e9e, je tiens \u00e0 pr\u00e9ciser\u00a0: Je ne suis pas forc\u00e9ment d&rsquo;accord avec tout ce qui est dit dans les livres et\/ou outils que je recommande, mais je les recommande quand m\u00eame, rien n&rsquo;\u00e9tant parfait ici-bas (y compris et surtout ce que je dis\/\u00e9cris moi-m\u00eame).<br \/>\nJ&rsquo;en appelle \u00e0 l&rsquo;intelligence de chacun pour \u00ab\u00a0<em>examiner toute chose et retenir ce qui est bon<\/em>\u00ab\u00a0.<\/p>\n<table style=\"width: 483px;\">\n<tbody>\n<tr>\n<td style=\"width: 155px;\"><a href=\"http:\/\/www.noscours.be\/www.bibliorum.net\/decouvrez-la-bible-journal-de-bord-segond-21\/\"><img loading=\"lazy\" decoding=\"async\" class=\"alignnone wp-image-1643 size-medium\" src=\"http:\/\/www.noscours.be\/www.bibliorum.net\/wp-content\/uploads\/2018\/10\/Bible-Journal-de-Bord-Segond-21-300x300.jpg\" alt=\"\" width=\"300\" height=\"300\" srcset=\"http:\/\/www.noscours.be\/www.bibliorum.net\/wp-content\/uploads\/2018\/10\/Bible-Journal-de-Bord-Segond-21-300x300.jpg 300w, http:\/\/www.noscours.be\/www.bibliorum.net\/wp-content\/uploads\/2018\/10\/Bible-Journal-de-Bord-Segond-21-150x150.jpg 150w, http:\/\/www.noscours.be\/www.bibliorum.net\/wp-content\/uploads\/2018\/10\/Bible-Journal-de-Bord-Segond-21.jpg 686w\" sizes=\"auto, (max-width: 300px) 100vw, 300px\" \/><\/a><\/td>\n<td style=\"width: 293px;\">Enfin une \u00ab\u00a0<em>journaling Bible<\/em>\u00a0\u00bb en fran\u00e7ais!<\/p>\n<p style=\"text-align: center;\"><a href=\"http:\/\/www.noscours.be\/www.bibliorum.net\/decouvrez-la-bible-journal-de-bord-segond-21\/\">&#8211; Pr\u00e9sentation de la bible\u00a0<\/a><a href=\"http:\/\/www.noscours.be\/www.bibliorum.net\/decouvrez-la-bible-journal-de-bord-segond-21\/\">\u00ab\u00a0journal de bord\u00a0\u00bb &#8211;<\/a><\/p>\n<\/td>\n<\/tr>\n<tr>\n<td style=\"width: 155px;\"><a href=\"http:\/\/www.noscours.be\/www.bibliorum.net\/cle-commentaires-de-john-macarthur\/\"><img loading=\"lazy\" decoding=\"async\" class=\"alignnone wp-image-1599 size-medium\" src=\"http:\/\/www.noscours.be\/www.bibliorum.net\/wp-content\/uploads\/2017\/12\/collection-cle-commentaires-macarthur-du-nt-300x300.png\" alt=\"\" width=\"300\" height=\"300\" srcset=\"http:\/\/www.noscours.be\/www.bibliorum.net\/wp-content\/uploads\/2017\/12\/collection-cle-commentaires-macarthur-du-nt-300x300.png 300w, http:\/\/www.noscours.be\/www.bibliorum.net\/wp-content\/uploads\/2017\/12\/collection-cle-commentaires-macarthur-du-nt-150x150.png 150w, http:\/\/www.noscours.be\/www.bibliorum.net\/wp-content\/uploads\/2017\/12\/collection-cle-commentaires-macarthur-du-nt.png 600w\" sizes=\"auto, (max-width: 300px) 100vw, 300px\" \/><\/a><\/td>\n<td style=\"width: 293px;\">\u00ab\u00a0Commentaires du NT &#8211; John MacArthur\u00a0\u00bb pour LOGOS BIBLE<\/p>\n<p style=\"text-align: center;\"><a href=\"http:\/\/www.noscours.be\/www.bibliorum.net\/cle-commentaires-de-john-macarthur\/\">&#8211; Mon commentaire sur cet outil ici &#8211;<\/a><\/p>\n<\/td>\n<\/tr>\n<tr>\n<td style=\"text-align: center; width: 155px;\"><a href=\"http:\/\/www.noscours.be\/www.bibliorum.net\/ce-jesus-que-je-ne-connaissais-pas\/\"><img loading=\"lazy\" decoding=\"async\" class=\"alignnone wp-image-1419\" src=\"http:\/\/www.noscours.be\/www.bibliorum.net\/wp-content\/uploads\/2016\/05\/CeJesusQueJeNeConnaissaisPas.jpg\" alt=\"CeJesusQueJeNeConnaissaisPas\" width=\"106\" height=\"159\" srcset=\"http:\/\/www.noscours.be\/www.bibliorum.net\/wp-content\/uploads\/2016\/05\/CeJesusQueJeNeConnaissaisPas.jpg 332w, http:\/\/www.noscours.be\/www.bibliorum.net\/wp-content\/uploads\/2016\/05\/CeJesusQueJeNeConnaissaisPas-200x300.jpg 200w\" sizes=\"auto, (max-width: 106px) 100vw, 106px\" \/><\/a><\/td>\n<td style=\"width: 293px;\">\u00ab\u00a0Ce J\u00e9sus que je ne connaissais\u00a0\u00bb &#8211; Un livre que je connais&#8230;<\/p>\n<p style=\"text-align: center;\"><a href=\"http:\/\/www.noscours.be\/www.bibliorum.net\/ce-jesus-que-je-ne-connaissais-pas\/\">&#8211; Mon commentaire sur ce livre ici &#8211;<\/a><\/p>\n<\/td>\n<\/tr>\n<tr>\n<td style=\"width: 155px;\"><a href=\"http:\/\/www.noscours.be\/www.bibliorum.net\/pour-une-foi-reflechie\/\" rel=\"attachment wp-att-408\"><img loading=\"lazy\" decoding=\"async\" class=\"alignnone wp-image-408 aligncenter\" src=\"http:\/\/www.noscours.be\/www.bibliorum.net\/wp-content\/uploads\/2015\/12\/PourUneFoiReflechie.jpg\" alt=\"PourUneFoiReflechie\" width=\"116\" height=\"163\" srcset=\"http:\/\/www.noscours.be\/www.bibliorum.net\/wp-content\/uploads\/2015\/12\/PourUneFoiReflechie.jpg 356w, http:\/\/www.noscours.be\/www.bibliorum.net\/wp-content\/uploads\/2015\/12\/PourUneFoiReflechie-214x300.jpg 214w\" sizes=\"auto, (max-width: 116px) 100vw, 116px\" \/><\/a><\/td>\n<td style=\"width: 293px;\">\u00ab\u00a0Pour une foi r\u00e9fl\u00e9chie\u00a0\u00bb &#8211; Un livre, que dis-je\u00a0: un manuel ! Sous la direction d&rsquo;Alain Nisus<\/p>\n<p style=\"text-align: center;\"><a href=\"http:\/\/www.noscours.be\/www.bibliorum.net\/pour-une-foi-reflechie\/\">&#8211; Mon commentaire sur ce livre ici &#8211;<\/a><\/p>\n<\/td>\n<\/tr>\n<tr>\n<td style=\"width: 155px;\"><a href=\"http:\/\/www.noscours.be\/www.bibliorum.net\/marcher-vers-linnocence-anne-lecu\/\" rel=\"attachment wp-att-171\"><img loading=\"lazy\" decoding=\"async\" class=\"alignnone wp-image-171 aligncenter\" src=\"http:\/\/www.noscours.be\/www.bibliorum.net\/wp-content\/uploads\/2015\/09\/MarcherVersLInnocence.jpg\" alt=\"MarcherVersLInnocence\" width=\"113\" height=\"176\" srcset=\"http:\/\/www.noscours.be\/www.bibliorum.net\/wp-content\/uploads\/2015\/09\/MarcherVersLInnocence.jpg 321w, http:\/\/www.noscours.be\/www.bibliorum.net\/wp-content\/uploads\/2015\/09\/MarcherVersLInnocence-193x300.jpg 193w\" sizes=\"auto, (max-width: 113px) 100vw, 113px\" \/><\/a><\/td>\n<td style=\"width: 293px;\">\u00ab\u00a0Marcher vers l&rsquo;innocence\u00a0\u00bb &#8211; Un livre d&rsquo;Anne L\u00e9cu.<\/p>\n<p style=\"text-align: center;\"><a href=\"http:\/\/www.noscours.be\/www.bibliorum.net\/marcher-vers-linnocence-anne-lecu\/\">&#8211; Mon commentaire sur ce livre ici &#8211;<\/a><\/p>\n<\/td>\n<\/tr>\n<\/tbody>\n<\/table>\n","protected":false},"excerpt":{"rendered":"<p>Je vous partage quelques titres de livres et\/ou outils qui m&rsquo;ont touch\u00e9, \u00e9difi\u00e9&#8230; D\u2019embl\u00e9e, je tiens \u00e0 pr\u00e9ciser\u00a0: Je ne suis pas forc\u00e9ment d&rsquo;accord avec tout ce qui est dit dans les livres et\/ou outils que je recommande, mais je les recommande quand m\u00eame, rien n&rsquo;\u00e9tant parfait ici-bas (y compris et surtout ce que je &hellip; <a href=\"http:\/\/www.noscours.be\/www.bibliorum.net\/livres-recommandes\/\" class=\"more-link\">Continuer la lecture de <span class=\"screen-reader-text\">Livres recommand\u00e9s<\/span>  <span class=\"meta-nav\">&rarr;<\/span><\/a><\/p>\n","protected":false},"author":1,"featured_media":0,"parent":0,"menu_order":0,"comment_status":"closed","ping_status":"closed","template":"","meta":{"footnotes":""},"class_list":["post-406","page","type-page","status-publish","hentry"],"_links":{"self":[{"href":"http:\/\/www.noscours.be\/www.bibliorum.net\/wp-json\/wp\/v2\/pages\/406","targetHints":{"allow":["GET"]}}],"collection":[{"href":"http:\/\/www.noscours.be\/www.bibliorum.net\/wp-json\/wp\/v2\/pages"}],"about":[{"href":"http:\/\/www.noscours.be\/www.bibliorum.net\/wp-json\/wp\/v2\/types\/page"}],"author":[{"embeddable":true,"href":"http:\/\/www.noscours.be\/www.bibliorum.net\/wp-json\/wp\/v2\/users\/1"}],"replies":[{"embeddable":true,"href":"http:\/\/www.noscours.be\/www.bibliorum.net\/wp-json\/wp\/v2\/comments?post=406"}],"version-history":[{"count":10,"href":"http:\/\/www.noscours.be\/www.bibliorum.net\/wp-json\/wp\/v2\/pages\/406\/revisions"}],"predecessor-version":[{"id":1654,"href":"http:\/\/www.noscours.be\/www.bibliorum.net\/wp-json\/wp\/v2\/pages\/406\/revisions\/1654"}],"wp:attachment":[{"href":"http:\/\/www.noscours.be\/www.bibliorum.net\/wp-json\/wp\/v2\/media?parent=406"}],"curies":[{"name":"wp","href":"https:\/\/api.w.org\/{rel}","templated":true}]}}